{"id":9921,"date":"2025-09-28T23:49:04","date_gmt":"2025-09-29T02:49:04","guid":{"rendered":"https:\/\/omer.com.ar\/tienda\/sin%20categor\u00eda\/2188-hel-42hp\/"},"modified":"2025-09-28T23:49:08","modified_gmt":"2025-09-29T02:49:08","slug":"2188-hel-42hp","status":"publish","type":"product","link":"https:\/\/omer.com.ar\/es\/tienda\/helice\/2188-hel-42hp\/","title":{"rendered":"2188 -H\u00e9l. 42HP"},"content":{"rendered":"<p><strong>Aplicacion:\u00a0 <\/strong>Rastrojero 42HP 2da Serie<\/p>\n<hr \/>\n<p><strong>Datos T\u00e9cnicos:\u00a0 <\/strong>Flujo: Aspirante | Sentido giro: Horario | \u00d8 Ext: 326 | \u00d8 Ag. Central: 32 | Aguj. de amarre: 4 \u00d86,7 x 52,7<\/p>\n<p><strong>Peso:\u00a0 <\/strong>200 grs.<\/p>\n","protected":false},"excerpt":{"rendered":"<p>2188 &#8211; H\u00e9l. 42HP<\/p>\n","protected":false},"featured_media":4753,"comment_status":"closed","ping_status":"open","template":"","meta":[],"product_brand":[],"product_cat":[111],"product_tag":[],"class_list":{"0":"post-9921","1":"product","2":"type-product","3":"status-publish","4":"has-post-thumbnail","6":"product_cat-helice","7":"pa_cod-omer-270","8":"pa_sentido-de-flujo-aspirante","9":"pa_sentido-de-giro-horario","11":"first","12":"instock","13":"product-type-simple"},"yoast_head":"<!-- This site is optimized with the Yoast SEO plugin v26.8 - https:\/\/yoast.com\/product\/yoast-seo-wordpress\/ -->\n<title>2188 -H\u00e9l. 42HP - OMER<\/title>\n<meta name=\"robots\" content=\"index, follow, max-snippet:-1, max-image-preview:large, max-video-preview:-1\" \/>\n<link rel=\"canonical\" href=\"https:\/\/omer.com.ar\/es\/tienda\/sin%20categor\u00eda\/2188-hel-42hp\/\" \/>\n<meta property=\"og:locale\" content=\"es_ES\" \/>\n<meta property=\"og:type\" content=\"article\" \/>\n<meta property=\"og:title\" content=\"2188 -H\u00e9l. 42HP - OMER\" \/>\n<meta property=\"og:description\" content=\"2188 - H\u00e9l. 42HP\" \/>\n<meta property=\"og:url\" content=\"https:\/\/omer.com.ar\/es\/tienda\/sin categor\u00eda\/2188-hel-42hp\/\" \/>\n<meta property=\"og:site_name\" content=\"OMER\" \/>\n<meta property=\"article:publisher\" content=\"https:\/\/www.facebook.com\/omer.altissimo\" \/>\n<meta property=\"article:modified_time\" content=\"2025-09-29T02:49:08+00:00\" \/>\n<meta property=\"og:image\" content=\"https:\/\/omer.com.ar\/wp-content\/uploads\/2019\/08\/2188.jpg\" \/>\n\t<meta property=\"og:image:width\" content=\"461\" \/>\n\t<meta property=\"og:image:height\" content=\"425\" \/>\n\t<meta property=\"og:image:type\" content=\"image\/jpeg\" \/>\n<meta name=\"twitter:card\" content=\"summary_large_image\" \/>\n<script type=\"application\/ld+json\" class=\"yoast-schema-graph\">{\"@context\":\"https:\/\/schema.org\",\"@graph\":[{\"@type\":\"WebPage\",\"@id\":\"https:\/\/omer.com.ar\/tienda\/sin categor\u00eda\/2188-hel-42hp\/\",\"url\":\"https:\/\/omer.com.ar\/tienda\/sin categor\u00eda\/2188-hel-42hp\/\",\"name\":\"2188 -H\u00e9l. 42HP - OMER\",\"isPartOf\":{\"@id\":\"https:\/\/omer.com.ar\/pt\/#website\"},\"primaryImageOfPage\":{\"@id\":\"https:\/\/omer.com.ar\/tienda\/sin categor\u00eda\/2188-hel-42hp\/#primaryimage\"},\"image\":{\"@id\":\"https:\/\/omer.com.ar\/tienda\/sin categor\u00eda\/2188-hel-42hp\/#primaryimage\"},\"thumbnailUrl\":\"https:\/\/omer.com.ar\/wp-content\/uploads\/2019\/08\/2188.jpg\",\"datePublished\":\"2025-09-29T02:49:04+00:00\",\"dateModified\":\"2025-09-29T02:49:08+00:00\",\"breadcrumb\":{\"@id\":\"https:\/\/omer.com.ar\/tienda\/sin categor\u00eda\/2188-hel-42hp\/#breadcrumb\"},\"inLanguage\":\"es\",\"potentialAction\":[{\"@type\":\"ReadAction\",\"target\":[\"https:\/\/omer.com.ar\/tienda\/sin categor\u00eda\/2188-hel-42hp\/\"]}]},{\"@type\":\"ImageObject\",\"inLanguage\":\"es\",\"@id\":\"https:\/\/omer.com.ar\/tienda\/sin categor\u00eda\/2188-hel-42hp\/#primaryimage\",\"url\":\"https:\/\/omer.com.ar\/wp-content\/uploads\/2019\/08\/2188.jpg\",\"contentUrl\":\"https:\/\/omer.com.ar\/wp-content\/uploads\/2019\/08\/2188.jpg\",\"width\":461,\"height\":425},{\"@type\":\"BreadcrumbList\",\"@id\":\"https:\/\/omer.com.ar\/tienda\/sin categor\u00eda\/2188-hel-42hp\/#breadcrumb\",\"itemListElement\":[{\"@type\":\"ListItem\",\"position\":1,\"name\":\"Portada\",\"item\":\"https:\/\/omer.com.ar\/\"},{\"@type\":\"ListItem\",\"position\":2,\"name\":\"Productos\",\"item\":\"https:\/\/omer.com.ar\/es\/shop\/\"},{\"@type\":\"ListItem\",\"position\":3,\"name\":\"2188 -H\u00e9l. 42HP\"}]},{\"@type\":\"WebSite\",\"@id\":\"https:\/\/omer.com.ar\/pt\/#website\",\"url\":\"https:\/\/omer.com.ar\/pt\/\",\"name\":\"OMER\",\"description\":\"Lideres en Fabricaci\u00f3n de H\u00e9lices y Electroventiladores\",\"publisher\":{\"@id\":\"https:\/\/omer.com.ar\/pt\/#organization\"},\"potentialAction\":[{\"@type\":\"SearchAction\",\"target\":{\"@type\":\"EntryPoint\",\"urlTemplate\":\"https:\/\/omer.com.ar\/pt\/?s={search_term_string}\"},\"query-input\":{\"@type\":\"PropertyValueSpecification\",\"valueRequired\":true,\"valueName\":\"search_term_string\"}}],\"inLanguage\":\"es\"},{\"@type\":\"Organization\",\"@id\":\"https:\/\/omer.com.ar\/pt\/#organization\",\"name\":\"OMER\",\"url\":\"https:\/\/omer.com.ar\/pt\/\",\"logo\":{\"@type\":\"ImageObject\",\"inLanguage\":\"es\",\"@id\":\"https:\/\/omer.com.ar\/pt\/#\/schema\/logo\/image\/\",\"url\":\"https:\/\/omer.com.ar\/wp-content\/uploads\/cropped-logo-web3.png\",\"contentUrl\":\"https:\/\/omer.com.ar\/wp-content\/uploads\/cropped-logo-web3.png\",\"width\":512,\"height\":512,\"caption\":\"OMER\"},\"image\":{\"@id\":\"https:\/\/omer.com.ar\/pt\/#\/schema\/logo\/image\/\"},\"sameAs\":[\"https:\/\/www.facebook.com\/omer.altissimo\",\"https:\/\/www.linkedin.com\/company\/omer-sa-argentina\/\",\"https:\/\/www.instagram.com\/altissimo.omer\/\",\"https:\/\/www.youtube.com\/channel\/UCy8BeF--nAloIjW-Q92eBvQ\"]}]}<\/script>\n<!-- \/ Yoast SEO plugin. -->","yoast_head_json":{"title":"2188 -H\u00e9l. 42HP - OMER","robots":{"index":"index","follow":"follow","max-snippet":"max-snippet:-1","max-image-preview":"max-image-preview:large","max-video-preview":"max-video-preview:-1"},"canonical":"https:\/\/omer.com.ar\/es\/tienda\/sin categor\u00eda\/2188-hel-42hp\/","og_locale":"es_ES","og_type":"article","og_title":"2188 -H\u00e9l. 42HP - OMER","og_description":"2188 - H\u00e9l. 42HP","og_url":"https:\/\/omer.com.ar\/es\/tienda\/sin categor\u00eda\/2188-hel-42hp\/","og_site_name":"OMER","article_publisher":"https:\/\/www.facebook.com\/omer.altissimo","article_modified_time":"2025-09-29T02:49:08+00:00","og_image":[{"width":461,"height":425,"url":"https:\/\/omer.com.ar\/wp-content\/uploads\/2019\/08\/2188.jpg","type":"image\/jpeg"}],"twitter_card":"summary_large_image","schema":{"@context":"https:\/\/schema.org","@graph":[{"@type":"WebPage","@id":"https:\/\/omer.com.ar\/tienda\/sin categor\u00eda\/2188-hel-42hp\/","url":"https:\/\/omer.com.ar\/tienda\/sin categor\u00eda\/2188-hel-42hp\/","name":"2188 -H\u00e9l. 42HP - OMER","isPartOf":{"@id":"https:\/\/omer.com.ar\/pt\/#website"},"primaryImageOfPage":{"@id":"https:\/\/omer.com.ar\/tienda\/sin categor\u00eda\/2188-hel-42hp\/#primaryimage"},"image":{"@id":"https:\/\/omer.com.ar\/tienda\/sin categor\u00eda\/2188-hel-42hp\/#primaryimage"},"thumbnailUrl":"https:\/\/omer.com.ar\/wp-content\/uploads\/2019\/08\/2188.jpg","datePublished":"2025-09-29T02:49:04+00:00","dateModified":"2025-09-29T02:49:08+00:00","breadcrumb":{"@id":"https:\/\/omer.com.ar\/tienda\/sin categor\u00eda\/2188-hel-42hp\/#breadcrumb"},"inLanguage":"es","potentialAction":[{"@type":"ReadAction","target":["https:\/\/omer.com.ar\/tienda\/sin categor\u00eda\/2188-hel-42hp\/"]}]},{"@type":"ImageObject","inLanguage":"es","@id":"https:\/\/omer.com.ar\/tienda\/sin categor\u00eda\/2188-hel-42hp\/#primaryimage","url":"https:\/\/omer.com.ar\/wp-content\/uploads\/2019\/08\/2188.jpg","contentUrl":"https:\/\/omer.com.ar\/wp-content\/uploads\/2019\/08\/2188.jpg","width":461,"height":425},{"@type":"BreadcrumbList","@id":"https:\/\/omer.com.ar\/tienda\/sin categor\u00eda\/2188-hel-42hp\/#breadcrumb","itemListElement":[{"@type":"ListItem","position":1,"name":"Portada","item":"https:\/\/omer.com.ar\/"},{"@type":"ListItem","position":2,"name":"Productos","item":"https:\/\/omer.com.ar\/es\/shop\/"},{"@type":"ListItem","position":3,"name":"2188 -H\u00e9l. 42HP"}]},{"@type":"WebSite","@id":"https:\/\/omer.com.ar\/pt\/#website","url":"https:\/\/omer.com.ar\/pt\/","name":"OMER","description":"Lideres en Fabricaci\u00f3n de H\u00e9lices y Electroventiladores","publisher":{"@id":"https:\/\/omer.com.ar\/pt\/#organization"},"potentialAction":[{"@type":"SearchAction","target":{"@type":"EntryPoint","urlTemplate":"https:\/\/omer.com.ar\/pt\/?s={search_term_string}"},"query-input":{"@type":"PropertyValueSpecification","valueRequired":true,"valueName":"search_term_string"}}],"inLanguage":"es"},{"@type":"Organization","@id":"https:\/\/omer.com.ar\/pt\/#organization","name":"OMER","url":"https:\/\/omer.com.ar\/pt\/","logo":{"@type":"ImageObject","inLanguage":"es","@id":"https:\/\/omer.com.ar\/pt\/#\/schema\/logo\/image\/","url":"https:\/\/omer.com.ar\/wp-content\/uploads\/cropped-logo-web3.png","contentUrl":"https:\/\/omer.com.ar\/wp-content\/uploads\/cropped-logo-web3.png","width":512,"height":512,"caption":"OMER"},"image":{"@id":"https:\/\/omer.com.ar\/pt\/#\/schema\/logo\/image\/"},"sameAs":["https:\/\/www.facebook.com\/omer.altissimo","https:\/\/www.linkedin.com\/company\/omer-sa-argentina\/","https:\/\/www.instagram.com\/altissimo.omer\/","https:\/\/www.youtube.com\/channel\/UCy8BeF--nAloIjW-Q92eBvQ"]}]}},"_links":{"self":[{"href":"https:\/\/omer.com.ar\/es\/wp-json\/wp\/v2\/product\/9921","targetHints":{"allow":["GET"]}}],"collection":[{"href":"https:\/\/omer.com.ar\/es\/wp-json\/wp\/v2\/product"}],"about":[{"href":"https:\/\/omer.com.ar\/es\/wp-json\/wp\/v2\/types\/product"}],"replies":[{"embeddable":true,"href":"https:\/\/omer.com.ar\/es\/wp-json\/wp\/v2\/comments?post=9921"}],"wp:featuredmedia":[{"embeddable":true,"href":"https:\/\/omer.com.ar\/es\/wp-json\/wp\/v2\/media\/4753"}],"wp:attachment":[{"href":"https:\/\/omer.com.ar\/es\/wp-json\/wp\/v2\/media?parent=9921"}],"wp:term":[{"taxonomy":"product_brand","embeddable":true,"href":"https:\/\/omer.com.ar\/es\/wp-json\/wp\/v2\/product_brand?post=9921"},{"taxonomy":"product_cat","embeddable":true,"href":"https:\/\/omer.com.ar\/es\/wp-json\/wp\/v2\/product_cat?post=9921"},{"taxonomy":"product_tag","embeddable":true,"href":"https:\/\/omer.com.ar\/es\/wp-json\/wp\/v2\/product_tag?post=9921"}],"curies":[{"name":"wp","href":"https:\/\/api.w.org\/{rel}","templated":true}]}}